{"id":4540,"date":"2021-06-09T12:41:49","date_gmt":"2021-06-09T10:41:49","guid":{"rendered":"https:\/\/www.epb.biz\/?page_id=4540"},"modified":"2024-04-02T17:06:00","modified_gmt":"2024-04-02T15:06:00","slug":"guias-rapidas-nueva-lista-de-carga","status":"publish","type":"page","link":"https:\/\/www.epb.biz\/en\/soporte\/guias-rapidas-nueva-lista-de-carga\/","title":{"rendered":"Gu\u00edas R\u00e1pidas Nueva Lista de Carga"},"content":{"rendered":"<div class=\"wpb-content-wrapper\"><p>[vc_row type=&#8221;2&#8243; padding_top=&#8221;70&#8243; padding_bottom=&#8221;70&#8243; el_class=&#8221;epb-content-align&#8221;][vc_column width=&#8221;1\/2&#8243; el_class=&#8221;epb-content-center&#8221; css=&#8221;.vc_custom_1704965865977{margin-bottom: 35px !important;}&#8221;][vc_column_text]Haciendo click en los siguientes enlaces puede descargarse las diferentes gu\u00edas:[\/vc_column_text]<style type=\"text\/css\" data-type=\"the7_shortcodes-inline-css\">#default-btn-782c2b359c3cc3dfbb685e656681e546 {\n  border-radius: 1px;\n  font-size: 14px;\n  line-height: 16px;\n}\n.btn-shadow#default-btn-782c2b359c3cc3dfbb685e656681e546 {\n  box-shadow: 0 1px 6px rgba(0,0,0,0.12);\n  transition: box-shadow 0.2s ease-out, opacity 0.45s;\n}\n.btn-shadow#default-btn-782c2b359c3cc3dfbb685e656681e546:hover {\n  box-shadow: 0 5px 11px 0 rgba(0,0,0,0.18), 0 4px 15px 0 rgba(0,0,0,0.15);\n}\n.btn-flat#default-btn-782c2b359c3cc3dfbb685e656681e546 {\n  box-shadow: none;\n}\n.btn-flat#default-btn-782c2b359c3cc3dfbb685e656681e546:hover {\n  box-shadow: none;\n}\n#default-btn-782c2b359c3cc3dfbb685e656681e546.ico-right-side > i {\n  margin-right: 0px;\n  margin-left: 8px;\n}\n#default-btn-782c2b359c3cc3dfbb685e656681e546 > i {\n  margin-right: 8px;\n  font-size: 12px;\n}\n#default-btn-782c2b359c3cc3dfbb685e656681e546:not(:hover) {\n  border-width: 0px;\n  padding: 12px 18px 12px 18px;\n}\n#default-btn-782c2b359c3cc3dfbb685e656681e546:hover {\n  border-width: 0px;\n  padding: 12px 18px 12px 18px;\n}\n#default-btn-782c2b359c3cc3dfbb685e656681e546.ico-right-side > i {\n  margin-right: 0px;\n  margin-left: 8px;\n}\n#default-btn-782c2b359c3cc3dfbb685e656681e546 > i {\n  margin-right: 8px;\n}\n<\/style><div class=\"btn-align-center\"><a href=\"https:\/\/www.epb.biz\/wp-content\/uploads\/2021\/07\/Autorizacion_LC_RF.pdf\" class=\"default-btn-shortcode dt-btn link-hover-off full-width-btn btn-flat  vc_custom_1704891949500\" target=\"_blank\" id=\"default-btn-782c2b359c3cc3dfbb685e656681e546\" title=\"Autorizaci\u00f3n Lista Carga Resguardo Fiscal\" rel=\"noopener\"><span>Autorizaci\u00f3n Lista Carga Resguardo Fiscal<\/span><\/a><\/div><style type=\"text\/css\" data-type=\"the7_shortcodes-inline-css\">#default-btn-3188040333f63ede333194a3e35cc083 {\n  border-radius: 1px;\n  font-size: 14px;\n  line-height: 16px;\n}\n.btn-shadow#default-btn-3188040333f63ede333194a3e35cc083 {\n  box-shadow: 0 1px 6px rgba(0,0,0,0.12);\n  transition: box-shadow 0.2s ease-out, opacity 0.45s;\n}\n.btn-shadow#default-btn-3188040333f63ede333194a3e35cc083:hover {\n  box-shadow: 0 5px 11px 0 rgba(0,0,0,0.18), 0 4px 15px 0 rgba(0,0,0,0.15);\n}\n.btn-flat#default-btn-3188040333f63ede333194a3e35cc083 {\n  box-shadow: none;\n}\n.btn-flat#default-btn-3188040333f63ede333194a3e35cc083:hover {\n  box-shadow: none;\n}\n#default-btn-3188040333f63ede333194a3e35cc083.ico-right-side > i {\n  margin-right: 0px;\n  margin-left: 8px;\n}\n#default-btn-3188040333f63ede333194a3e35cc083 > i {\n  margin-right: 8px;\n  font-size: 12px;\n}\n#default-btn-3188040333f63ede333194a3e35cc083:not(:hover) {\n  border-width: 0px;\n  padding: 12px 18px 12px 18px;\n}\n#default-btn-3188040333f63ede333194a3e35cc083:hover {\n  border-width: 0px;\n  padding: 12px 18px 12px 18px;\n}\n#default-btn-3188040333f63ede333194a3e35cc083.ico-right-side > i {\n  margin-right: 0px;\n  margin-left: 8px;\n}\n#default-btn-3188040333f63ede333194a3e35cc083 > i {\n  margin-right: 8px;\n}\n<\/style><div class=\"btn-align-center\"><a href=\"https:\/\/www.epb.biz\/wp-content\/uploads\/2021\/07\/AsignacionAutomaticaDespachos_TrasEnvioRF.pdf\" class=\"default-btn-shortcode dt-btn link-hover-off full-width-btn btn-flat  vc_custom_1625736188815\" target=\"_blank\" id=\"default-btn-3188040333f63ede333194a3e35cc083\" title=\"Autorizaci\u00f3n Lista Carga Resguardo FiscalAsignaci\u00f3n autom\u00e1tica de despachos tras env\u00edo a Resguardo Fiscal\" rel=\"noopener\"><span>Asignaci\u00f3n autom\u00e1tica de despachos tras env\u00edo a Resguardo Fiscal<\/span><\/a><\/div><style type=\"text\/css\" data-type=\"the7_shortcodes-inline-css\">#default-btn-f1bd6ddcf8381b20807e571e5f49000e {\n  border-radius: 1px;\n  font-size: 14px;\n  line-height: 16px;\n}\n.btn-shadow#default-btn-f1bd6ddcf8381b20807e571e5f49000e {\n  box-shadow: 0 1px 6px rgba(0,0,0,0.12);\n  transition: box-shadow 0.2s ease-out, opacity 0.45s;\n}\n.btn-shadow#default-btn-f1bd6ddcf8381b20807e571e5f49000e:hover {\n  box-shadow: 0 5px 11px 0 rgba(0,0,0,0.18), 0 4px 15px 0 rgba(0,0,0,0.15);\n}\n.btn-flat#default-btn-f1bd6ddcf8381b20807e571e5f49000e {\n  box-shadow: none;\n}\n.btn-flat#default-btn-f1bd6ddcf8381b20807e571e5f49000e:hover {\n  box-shadow: none;\n}\n#default-btn-f1bd6ddcf8381b20807e571e5f49000e.ico-right-side > i {\n  margin-right: 0px;\n  margin-left: 8px;\n}\n#default-btn-f1bd6ddcf8381b20807e571e5f49000e > i {\n  margin-right: 8px;\n  font-size: 12px;\n}\n#default-btn-f1bd6ddcf8381b20807e571e5f49000e:not(:hover) {\n  border-width: 0px;\n  padding: 12px 18px 12px 18px;\n}\n#default-btn-f1bd6ddcf8381b20807e571e5f49000e:hover {\n  border-width: 0px;\n  padding: 12px 18px 12px 18px;\n}\n#default-btn-f1bd6ddcf8381b20807e571e5f49000e.ico-right-side > i {\n  margin-right: 0px;\n  margin-left: 8px;\n}\n#default-btn-f1bd6ddcf8381b20807e571e5f49000e > i {\n  margin-right: 8px;\n}\n<\/style><div class=\"btn-align-center\"><a href=\"https:\/\/www.epb.biz\/wp-content\/uploads\/2021\/06\/AsignacionMultiple_MercanciaGeneral.pdf\" class=\"default-btn-shortcode dt-btn link-hover-off full-width-btn btn-flat  vc_custom_1623390441282\" target=\"_blank\" id=\"default-btn-f1bd6ddcf8381b20807e571e5f49000e\" title=\"Asignaci\u00f3n despacho a m\u00faltiples partidas de convencional\" rel=\"noopener\"><span>Asignaci\u00f3n despacho a m\u00faltiples partidas de convencional<\/span><\/a><\/div><style type=\"text\/css\" data-type=\"the7_shortcodes-inline-css\">#default-btn-9090d104ceecf60117ccbcb6cff89e1f {\n  border-radius: 1px;\n  font-size: 14px;\n  line-height: 16px;\n}\n.btn-shadow#default-btn-9090d104ceecf60117ccbcb6cff89e1f {\n  box-shadow: 0 1px 6px rgba(0,0,0,0.12);\n  transition: box-shadow 0.2s ease-out, opacity 0.45s;\n}\n.btn-shadow#default-btn-9090d104ceecf60117ccbcb6cff89e1f:hover {\n  box-shadow: 0 5px 11px 0 rgba(0,0,0,0.18), 0 4px 15px 0 rgba(0,0,0,0.15);\n}\n.btn-flat#default-btn-9090d104ceecf60117ccbcb6cff89e1f {\n  box-shadow: none;\n}\n.btn-flat#default-btn-9090d104ceecf60117ccbcb6cff89e1f:hover {\n  box-shadow: none;\n}\n#default-btn-9090d104ceecf60117ccbcb6cff89e1f.ico-right-side > i {\n  margin-right: 0px;\n  margin-left: 8px;\n}\n#default-btn-9090d104ceecf60117ccbcb6cff89e1f > i {\n  margin-right: 8px;\n  font-size: 12px;\n}\n#default-btn-9090d104ceecf60117ccbcb6cff89e1f:not(:hover) {\n  border-width: 0px;\n  padding: 12px 18px 12px 18px;\n}\n#default-btn-9090d104ceecf60117ccbcb6cff89e1f:hover {\n  border-width: 0px;\n  padding: 12px 18px 12px 18px;\n}\n#default-btn-9090d104ceecf60117ccbcb6cff89e1f.ico-right-side > i {\n  margin-right: 0px;\n  margin-left: 8px;\n}\n#default-btn-9090d104ceecf60117ccbcb6cff89e1f > i {\n  margin-right: 8px;\n}\n<\/style><div class=\"btn-align-center\"><a href=\"https:\/\/www.epb.biz\/wp-content\/uploads\/2021\/06\/AsignacionMultiple_Contenedor.pdf\" class=\"default-btn-shortcode dt-btn link-hover-off full-width-btn btn-flat  vc_custom_1623247108055\" target=\"_blank\" id=\"default-btn-9090d104ceecf60117ccbcb6cff89e1f\" title=\"Asignaci\u00f3n despacho a m\u00faltiples contenedores\" rel=\"noopener\"><span>Asignaci\u00f3n despacho a m\u00faltiples contenedores<\/span><\/a><\/div><style type=\"text\/css\" data-type=\"the7_shortcodes-inline-css\">#default-btn-e3ec1a25e31bfbd971464af3af3de8e1 {\n  border-radius: 1px;\n  font-size: 14px;\n  line-height: 16px;\n}\n.btn-shadow#default-btn-e3ec1a25e31bfbd971464af3af3de8e1 {\n  box-shadow: 0 1px 6px rgba(0,0,0,0.12);\n  transition: box-shadow 0.2s ease-out, opacity 0.45s;\n}\n.btn-shadow#default-btn-e3ec1a25e31bfbd971464af3af3de8e1:hover {\n  box-shadow: 0 5px 11px 0 rgba(0,0,0,0.18), 0 4px 15px 0 rgba(0,0,0,0.15);\n}\n.btn-flat#default-btn-e3ec1a25e31bfbd971464af3af3de8e1 {\n  box-shadow: none;\n}\n.btn-flat#default-btn-e3ec1a25e31bfbd971464af3af3de8e1:hover {\n  box-shadow: none;\n}\n#default-btn-e3ec1a25e31bfbd971464af3af3de8e1.ico-right-side > i {\n  margin-right: 0px;\n  margin-left: 8px;\n}\n#default-btn-e3ec1a25e31bfbd971464af3af3de8e1 > i {\n  margin-right: 8px;\n  font-size: 12px;\n}\n#default-btn-e3ec1a25e31bfbd971464af3af3de8e1:not(:hover) {\n  border-width: 0px;\n  padding: 12px 18px 12px 18px;\n}\n#default-btn-e3ec1a25e31bfbd971464af3af3de8e1:hover {\n  border-width: 0px;\n  padding: 12px 18px 12px 18px;\n}\n#default-btn-e3ec1a25e31bfbd971464af3af3de8e1.ico-right-side > i {\n  margin-right: 0px;\n  margin-left: 8px;\n}\n#default-btn-e3ec1a25e31bfbd971464af3af3de8e1 > i {\n  margin-right: 8px;\n}\n<\/style><div class=\"btn-align-center\"><a href=\"https:\/\/www.epb.biz\/wp-content\/uploads\/2021\/07\/Miscelanea.pdf\" class=\"default-btn-shortcode dt-btn link-hover-off full-width-btn btn-flat  vc_custom_1625214150364\" target=\"_blank\" id=\"default-btn-e3ec1a25e31bfbd971464af3af3de8e1\" title=\"Miscel\u00e1nea\" rel=\"noopener\"><span>Miscel\u00e1nea<\/span><\/a><\/div>[\/vc_column][vc_column width=&#8221;1\/2&#8243;]<style type=\"text\/css\" data-type=\"the7_shortcodes-inline-css\">.shortcode-single-image-wrap.shortcode-single-image-e7271c98cebb76414443d8945ace310a.enable-bg-rollover .rollover i,\n.shortcode-single-image-wrap.shortcode-single-image-e7271c98cebb76414443d8945ace310a.enable-bg-rollover .rollover-video i {\n  background: -webkit-linear-gradient();\n  background: linear-gradient();\n}\n.shortcode-single-image-wrap.shortcode-single-image-e7271c98cebb76414443d8945ace310a .rollover-icon {\n  font-size: 32px;\n  color: #ffffff;\n  min-width: 44px;\n  min-height: 44px;\n  line-height: 44px;\n  border-radius: 100px;\n  border-style: solid;\n  border-width: 0px;\n}\n.dt-icon-bg-on.shortcode-single-image-wrap.shortcode-single-image-e7271c98cebb76414443d8945ace310a .rollover-icon {\n  background: rgba(255,255,255,0.3);\n  box-shadow: none;\n}\n<\/style><div class=\"shortcode-single-image-wrap shortcode-single-image-e7271c98cebb76414443d8945ace310a alignnone  enable-bg-rollover dt-icon-bg-off\" style=\"margin-top:0px; margin-bottom:0px; margin-left:0px; margin-right:0px;\"><div class=\"shortcode-single-image\"><div class=\"fancy-media-wrap  layzr-bg\" style=\"\"><img fetchpriority=\"high\" decoding=\"async\" class=\"preload-me lazy-load aspect\" src=\"data:image\/svg+xml,%3Csvg%20xmlns%3D&#39;http%3A%2F%2Fwww.w3.org%2F2000%2Fsvg&#39;%20viewBox%3D&#39;0%200%20681%20600&#39;%2F%3E\" data-src=\"https:\/\/www.epb.biz\/wp-content\/uploads\/2024\/01\/tablet_epb.jpg\" data-srcset=\"https:\/\/www.epb.biz\/wp-content\/uploads\/2024\/01\/tablet_epb.jpg 681w\" loading=\"eager\" sizes=\"(max-width: 681px) 100vw, 681px\" width=\"681\" height=\"600\"  data-dt-location=\"https:\/\/www.epb.biz\/en\/soporte\/guias-rapidas-nueva-lista-de-carga\/tablet_epb\/\" style=\"--ratio: 681 \/ 600;\" alt=\"\" \/><\/div><\/div><\/div>[\/vc_column][\/vc_row]<\/p>\n<\/div>","protected":false},"excerpt":{"rendered":"<p>[vc_row type=&#8221;2&#8243; padding_top=&#8221;70&#8243; padding_bottom=&#8221;70&#8243; el_class=&#8221;epb-content-align&#8221;][vc_column width=&#8221;1\/2&#8243; el_class=&#8221;epb-content-center&#8221; css=&#8221;.vc_custom_1704965865977{margin-bottom: 35px !important;}&#8221;][vc_column_text]Haciendo click en los siguientes enlaces puede descargarse las diferentes gu\u00edas:[\/vc_column_text][\/vc_column][vc_column width=&#8221;1\/2&#8243;][\/vc_column][\/vc_row]<\/p>\n","protected":false},"author":5,"featured_media":0,"parent":5361,"menu_order":0,"comment_status":"closed","ping_status":"closed","template":"","meta":{"inline_featured_image":false,"footnotes":""},"yoast_head":"<!-- This site is optimized with the Yoast SEO plugin v22.5 - https:\/\/yoast.com\/wordpress\/plugins\/seo\/ -->\n<title>Gu\u00edas R\u00e1pidas Nueva Lista de Carga - e-puertobilbao<\/title>\n<meta name=\"robots\" content=\"index, follow, max-snippet:-1, max-image-preview:large, max-video-preview:-1\" \/>\n<link rel=\"canonical\" href=\"https:\/\/www.epb.biz\/soporte\/guias-rapidas-nueva-lista-de-carga\/\" \/>\n<meta property=\"og:locale\" content=\"en_US\" \/>\n<meta property=\"og:type\" content=\"article\" \/>\n<meta property=\"og:title\" content=\"Gu\u00edas R\u00e1pidas Nueva Lista de Carga - e-puertobilbao\" \/>\n<meta property=\"og:description\" content=\"[vc_row type=&#8221;2&#8243; padding_top=&#8221;70&#8243; padding_bottom=&#8221;70&#8243; el_class=&#8221;epb-content-align&#8221;][vc_column width=&#8221;1\/2&#8243; el_class=&#8221;epb-content-center&#8221; css=&#8221;.vc_custom_1704965865977{margin-bottom: 35px !important;}&#8221;][vc_column_text]Haciendo click en los siguientes enlaces puede descargarse las diferentes gu\u00edas:[\/vc_column_text][\/vc_column][vc_column width=&#8221;1\/2&#8243;][\/vc_column][\/vc_row]\" \/>\n<meta property=\"og:url\" content=\"https:\/\/www.epb.biz\/soporte\/guias-rapidas-nueva-lista-de-carga\/\" \/>\n<meta property=\"og:site_name\" content=\"e-puertobilbao\" \/>\n<meta property=\"article:modified_time\" content=\"2024-04-02T15:06:00+00:00\" \/>\n<meta name=\"twitter:card\" content=\"summary_large_image\" \/>\n<meta name=\"twitter:site\" content=\"@epuertobilbao\" \/>\n<meta name=\"twitter:label1\" content=\"Est. reading time\" \/>\n\t<meta name=\"twitter:data1\" content=\"1 minute\" \/>\n<script type=\"application\/ld+json\" class=\"yoast-schema-graph\">{\"@context\":\"https:\/\/schema.org\",\"@graph\":[{\"@type\":\"WebPage\",\"@id\":\"https:\/\/www.epb.biz\/soporte\/guias-rapidas-nueva-lista-de-carga\/\",\"url\":\"https:\/\/www.epb.biz\/soporte\/guias-rapidas-nueva-lista-de-carga\/\",\"name\":\"Gu\u00edas R\u00e1pidas Nueva Lista de Carga - e-puertobilbao\",\"isPartOf\":{\"@id\":\"https:\/\/www.epb.biz\/#website\"},\"datePublished\":\"2021-06-09T10:41:49+00:00\",\"dateModified\":\"2024-04-02T15:06:00+00:00\",\"breadcrumb\":{\"@id\":\"https:\/\/www.epb.biz\/soporte\/guias-rapidas-nueva-lista-de-carga\/#breadcrumb\"},\"inLanguage\":\"en-US\",\"potentialAction\":[{\"@type\":\"ReadAction\",\"target\":[\"https:\/\/www.epb.biz\/soporte\/guias-rapidas-nueva-lista-de-carga\/\"]}]},{\"@type\":\"BreadcrumbList\",\"@id\":\"https:\/\/www.epb.biz\/soporte\/guias-rapidas-nueva-lista-de-carga\/#breadcrumb\",\"itemListElement\":[{\"@type\":\"ListItem\",\"position\":1,\"name\":\"Portada\",\"item\":\"https:\/\/www.epb.biz\/en\/\"},{\"@type\":\"ListItem\",\"position\":2,\"name\":\"Soporte\",\"item\":\"https:\/\/www.epb.biz\/soporte\/\"},{\"@type\":\"ListItem\",\"position\":3,\"name\":\"Gu\u00edas R\u00e1pidas Nueva Lista de Carga\"}]},{\"@type\":\"WebSite\",\"@id\":\"https:\/\/www.epb.biz\/#website\",\"url\":\"https:\/\/www.epb.biz\/\",\"name\":\"e-puertobilbao\",\"description\":\"El HUB de comunicaciones de la comunidad log\u00edstico portuaria de Bilbao\",\"potentialAction\":[{\"@type\":\"SearchAction\",\"target\":{\"@type\":\"EntryPoint\",\"urlTemplate\":\"https:\/\/www.epb.biz\/?s={search_term_string}\"},\"query-input\":\"required name=search_term_string\"}],\"inLanguage\":\"en-US\"}]}<\/script>\n<!-- \/ Yoast SEO plugin. -->","yoast_head_json":{"title":"Gu\u00edas R\u00e1pidas Nueva Lista de Carga - e-puertobilbao","robots":{"index":"index","follow":"follow","max-snippet":"max-snippet:-1","max-image-preview":"max-image-preview:large","max-video-preview":"max-video-preview:-1"},"canonical":"https:\/\/www.epb.biz\/soporte\/guias-rapidas-nueva-lista-de-carga\/","og_locale":"en_US","og_type":"article","og_title":"Gu\u00edas R\u00e1pidas Nueva Lista de Carga - e-puertobilbao","og_description":"[vc_row type=&#8221;2&#8243; padding_top=&#8221;70&#8243; padding_bottom=&#8221;70&#8243; el_class=&#8221;epb-content-align&#8221;][vc_column width=&#8221;1\/2&#8243; el_class=&#8221;epb-content-center&#8221; css=&#8221;.vc_custom_1704965865977{margin-bottom: 35px !important;}&#8221;][vc_column_text]Haciendo click en los siguientes enlaces puede descargarse las diferentes gu\u00edas:[\/vc_column_text][\/vc_column][vc_column width=&#8221;1\/2&#8243;][\/vc_column][\/vc_row]","og_url":"https:\/\/www.epb.biz\/soporte\/guias-rapidas-nueva-lista-de-carga\/","og_site_name":"e-puertobilbao","article_modified_time":"2024-04-02T15:06:00+00:00","twitter_card":"summary_large_image","twitter_site":"@epuertobilbao","twitter_misc":{"Est. reading time":"1 minute"},"schema":{"@context":"https:\/\/schema.org","@graph":[{"@type":"WebPage","@id":"https:\/\/www.epb.biz\/soporte\/guias-rapidas-nueva-lista-de-carga\/","url":"https:\/\/www.epb.biz\/soporte\/guias-rapidas-nueva-lista-de-carga\/","name":"Gu\u00edas R\u00e1pidas Nueva Lista de Carga - e-puertobilbao","isPartOf":{"@id":"https:\/\/www.epb.biz\/#website"},"datePublished":"2021-06-09T10:41:49+00:00","dateModified":"2024-04-02T15:06:00+00:00","breadcrumb":{"@id":"https:\/\/www.epb.biz\/soporte\/guias-rapidas-nueva-lista-de-carga\/#breadcrumb"},"inLanguage":"en-US","potentialAction":[{"@type":"ReadAction","target":["https:\/\/www.epb.biz\/soporte\/guias-rapidas-nueva-lista-de-carga\/"]}]},{"@type":"BreadcrumbList","@id":"https:\/\/www.epb.biz\/soporte\/guias-rapidas-nueva-lista-de-carga\/#breadcrumb","itemListElement":[{"@type":"ListItem","position":1,"name":"Portada","item":"https:\/\/www.epb.biz\/en\/"},{"@type":"ListItem","position":2,"name":"Soporte","item":"https:\/\/www.epb.biz\/soporte\/"},{"@type":"ListItem","position":3,"name":"Gu\u00edas R\u00e1pidas Nueva Lista de Carga"}]},{"@type":"WebSite","@id":"https:\/\/www.epb.biz\/#website","url":"https:\/\/www.epb.biz\/","name":"e-puertobilbao","description":"El HUB de comunicaciones de la comunidad log\u00edstico portuaria de Bilbao","potentialAction":[{"@type":"SearchAction","target":{"@type":"EntryPoint","urlTemplate":"https:\/\/www.epb.biz\/?s={search_term_string}"},"query-input":"required name=search_term_string"}],"inLanguage":"en-US"}]}},"_links":{"self":[{"href":"https:\/\/www.epb.biz\/en\/wp-json\/wp\/v2\/pages\/4540"}],"collection":[{"href":"https:\/\/www.epb.biz\/en\/wp-json\/wp\/v2\/pages"}],"about":[{"href":"https:\/\/www.epb.biz\/en\/wp-json\/wp\/v2\/types\/page"}],"author":[{"embeddable":true,"href":"https:\/\/www.epb.biz\/en\/wp-json\/wp\/v2\/users\/5"}],"replies":[{"embeddable":true,"href":"https:\/\/www.epb.biz\/en\/wp-json\/wp\/v2\/comments?post=4540"}],"version-history":[{"count":26,"href":"https:\/\/www.epb.biz\/en\/wp-json\/wp\/v2\/pages\/4540\/revisions"}],"predecessor-version":[{"id":5083,"href":"https:\/\/www.epb.biz\/en\/wp-json\/wp\/v2\/pages\/4540\/revisions\/5083"}],"up":[{"embeddable":true,"href":"https:\/\/www.epb.biz\/en\/wp-json\/wp\/v2\/pages\/5361"}],"wp:attachment":[{"href":"https:\/\/www.epb.biz\/en\/wp-json\/wp\/v2\/media?parent=4540"}],"curies":[{"name":"wp","href":"https:\/\/api.w.org\/{rel}","templated":true}]}}